{"id":9,"date":"2024-06-16T00:19:45","date_gmt":"2024-06-15T22:19:45","guid":{"rendered":"http:\/\/esterel-rectification.fr\/?page_id=9"},"modified":"2024-06-17T22:34:23","modified_gmt":"2024-06-17T20:34:23","slug":"accueil","status":"publish","type":"page","link":"https:\/\/esterel-rectification.fr\/","title":{"rendered":"Esterel Rectification"},"content":{"rendered":"<nav class=\"has-text-color has-vivid-red-color items-justified-right wp-block-navigation is-horizontal is-content-justification-right is-layout-flex wp-container-core-navigation-is-layout-136c641f wp-block-navigation-is-layout-flex\" aria-label=\"Navigation\"><ul class=\"wp-block-navigation__container has-text-color has-vivid-red-color items-justified-right wp-block-navigation\"><ul class=\"has-text-color has-vivid-red-color wp-block-page-list\"><li class=\"wp-block-pages-list__item wp-block-navigation-item open-on-hover-click\"><a class=\"wp-block-pages-list__item__link wp-block-navigation-item__content\" href=\"https:\/\/esterel-rectification.fr\/index.php\/home\/\">Accueil<\/a><\/li><li class=\"wp-block-pages-list__item wp-block-navigation-item open-on-hover-click\"><a class=\"wp-block-pages-list__item__link wp-block-navigation-item__content\" href=\"https:\/\/esterel-rectification.fr\/index.php\/page-d-exemple\/\">Culasses<\/a><\/li><li class=\"wp-block-pages-list__item wp-block-navigation-item open-on-hover-click menu-item-home\"><a class=\"wp-block-pages-list__item__link wp-block-navigation-item__content\" href=\"https:\/\/esterel-rectification.fr\/\">Esterel Rectification<\/a><\/li><\/ul><\/ul><\/nav>\n\n\n<p><\/p>\n\n\n\n<p><\/p>\n\n\n\n<p class=\"has-black-color has-text-color has-link-color wp-elements-844d70f47bc3036bedd1d3e48eff6fb7\">Bas\u00e9 \u00e0 Puget-sur-Argens, dans l&#8217;agglom\u00e9ration de Fr\u00e9jus-Saint-Rapha\u00ebl, Esterel Rectification est un atelier de rectification sp\u00e9cialis\u00e9 intervenant dans la r\u00e9gion de<strong> l&#8217;Est-Var (83)<\/strong> et les <strong>Alpes-Maritimes (06)<\/strong>. Notre expertise s&#8217;\u00e9tend \u00e0 une gamme compl\u00e8te de services, allant de la <strong>rectification de culasses<\/strong> \u00e0 l&#8217;<strong>usinage de pi\u00e8ces<\/strong>, en passant par le <strong>redressement de jantes<\/strong>.<\/p>\n\n\n\n<p class=\"has-black-color has-text-color has-link-color wp-elements-4c76af448c49e79931f75bb2bbb64b3e\">Nous mettons \u00e0 votre disposition de nos clients varois et au del\u00e0 notre savoir-faire et notre \u00e9quipement pour r\u00e9pondre \u00e0 l&#8217;ensemble de vos besoins en mati\u00e8re de rectification m\u00e9canique et d&#8217;usinage. Que vous soyez un <strong>particulier<\/strong> ou un <strong>professionnel<\/strong>, nous sommes \u00e0 votre \u00e9coute pour vous garantir des prestations de qualit\u00e9.<\/p>\n\n\n\n<p class=\"has-black-color has-text-color has-link-color wp-elements-146d3da6aece3e1a68d3accffe23d951\">Forts de nombreuses ann\u00e9es d&#8217;exp\u00e9rience, nous sommes fiers de notre r\u00e9putation en tant que partenaire de confiance pour la rectification de vos \u00e9l\u00e9ments m\u00e9caniques. Pour chaque projet, nous nous engageons \u00e0 offrir un service personnalis\u00e9, rapide et <strong>au meilleur prix<\/strong>, afin de vous apporter enti\u00e8re satisfaction.<\/p>\n\n\n\n<p class=\"has-black-color has-text-color has-link-color wp-elements-9d22535859e346830e472df37a45d574\">Vous cherchez un expert de la rectification dans l&#8217;Est-Var ou les Alpes-Maritimes ? Contactez Esterel Rectification d\u00e8s aujourd&#8217;hui !<\/p>\n","protected":false},"excerpt":{"rendered":"<p>Bas\u00e9 \u00e0 Puget-sur-Argens, dans l&#8217;agglom\u00e9ration de Fr\u00e9jus-Saint-Rapha\u00ebl, Esterel Rectification est un atelier de rectification sp\u00e9cialis\u00e9 intervenant dans la r\u00e9gion de l&#8217;Est-Var (83) et les Alpes-Maritimes (06). Notre expertise s&#8217;\u00e9tend \u00e0 une gamme compl\u00e8te de services, allant de la rectification de culasses \u00e0 l&#8217;usinage de pi\u00e8ces, en passant par le redressement de jantes. Nous mettons \u00e0 [&hellip;]<\/p>\n","protected":false},"author":1,"featured_media":0,"parent":0,"menu_order":0,"comment_status":"closed","ping_status":"closed","template":"","meta":{"footnotes":""},"class_list":["post-9","page","type-page","status-publish","hentry"],"_links":{"self":[{"href":"https:\/\/esterel-rectification.fr\/index.php\/wp-json\/wp\/v2\/pages\/9","targetHints":{"allow":["GET"]}}],"collection":[{"href":"https:\/\/esterel-rectification.fr\/index.php\/wp-json\/wp\/v2\/pages"}],"about":[{"href":"https:\/\/esterel-rectification.fr\/index.php\/wp-json\/wp\/v2\/types\/page"}],"author":[{"embeddable":true,"href":"https:\/\/esterel-rectification.fr\/index.php\/wp-json\/wp\/v2\/users\/1"}],"replies":[{"embeddable":true,"href":"https:\/\/esterel-rectification.fr\/index.php\/wp-json\/wp\/v2\/comments?post=9"}],"version-history":[{"count":9,"href":"https:\/\/esterel-rectification.fr\/index.php\/wp-json\/wp\/v2\/pages\/9\/revisions"}],"predecessor-version":[{"id":75,"href":"https:\/\/esterel-rectification.fr\/index.php\/wp-json\/wp\/v2\/pages\/9\/revisions\/75"}],"wp:attachment":[{"href":"https:\/\/esterel-rectification.fr\/index.php\/wp-json\/wp\/v2\/media?parent=9"}],"curies":[{"name":"wp","href":"https:\/\/api.w.org\/{rel}","templated":true}]}}