{"id":48,"date":"2024-06-16T20:00:10","date_gmt":"2024-06-16T18:00:10","guid":{"rendered":"https:\/\/esterel-rectification.fr\/index.php\/home\/"},"modified":"2024-06-17T22:08:07","modified_gmt":"2024-06-17T20:08:07","slug":"home","status":"publish","type":"page","link":"https:\/\/esterel-rectification.fr\/index.php\/home\/","title":{"rendered":"Accueil"},"content":{"rendered":"\n<p><\/p>\n\n\n\n<p class=\"has-black-color has-text-color has-link-color wp-elements-b45cb4abde46d05007360cb4f4f4be0f\">&#8220;Bas\u00e9e \u00e0 Puget-sur-Argens, dans l&#8217;agglom\u00e9ration de Fr\u00e9jus-Saint-Rapha\u00ebl, Esterel Rectification est un atelier de rectification sp\u00e9cialis\u00e9 intervenant dans la r\u00e9gion de l&#8217;Est-Var (83) et les Alpes-Maritimes (06). Notre expertise s&#8217;\u00e9tend \u00e0 une gamme compl\u00e8te de services, allant de la rectification de culasses \u00e0 l&#8217;usinage de pi\u00e8ces, en passant par le redressement de jantes.<\/p>\n\n\n\n<p class=\"has-black-color has-text-color has-link-color wp-elements-91c0737fc0184e14cdb93879c096cbac\">Nous mettons \u00e0 votre disposition de nos clients varois et au del\u00e0 notre savoir-faire et notre \u00e9quipement pour r\u00e9pondre \u00e0 l&#8217;ensemble de vos besoins en mati\u00e8re de rectification m\u00e9canique et d&#8217;usinage. Que vous soyez un particulier ou un professionnel, nous sommes \u00e0 votre \u00e9coute pour vous garantir des prestations de qualit\u00e9.<\/p>\n\n\n\n<p class=\"has-black-color has-text-color has-link-color wp-elements-325e5dce40993e3505b24ab42648c22f\">Forts de nombreuses ann\u00e9es d&#8217;exp\u00e9rience, nous sommes fiers de notre r\u00e9putation en tant que partenaire de confiance pour la rectification de vos \u00e9l\u00e9ments m\u00e9caniques. Pour chaque projet, nous nous engageons \u00e0 offrir un service personnalis\u00e9, rapide et au meilleur prix, afin de vous apporter enti\u00e8re satisfaction.<\/p>\n\n\n\n<p class=\"has-black-color has-text-color has-link-color wp-elements-3a3128d62e78147f104853c42b5d8e53\">Vous cherchez un expert en rectification dans l&#8217;Est-Var ou les Alpes-Maritimes ? Contactez Esterel Rectification d\u00e8s aujourd&#8217;hui pour b\u00e9n\u00e9ficier de solutions professionnelles et fiables pour vos besoins de rectification de culasses, d&#8217;usinage de pi\u00e8ces ou de redressement de jantes.&#8221;<\/p>\n\n\n\n<p><\/p>\n\n\n\n<p><\/p>\n","protected":false},"excerpt":{"rendered":"<p>&#8220;Bas\u00e9e \u00e0 Puget-sur-Argens, dans l&#8217;agglom\u00e9ration de Fr\u00e9jus-Saint-Rapha\u00ebl, Esterel Rectification est un atelier de rectification sp\u00e9cialis\u00e9 intervenant dans la r\u00e9gion de l&#8217;Est-Var (83) et les Alpes-Maritimes (06). Notre expertise s&#8217;\u00e9tend \u00e0 une gamme compl\u00e8te de services, allant de la rectification de culasses \u00e0 l&#8217;usinage de pi\u00e8ces, en passant par le redressement de jantes. Nous mettons \u00e0 [&hellip;]<\/p>\n","protected":false},"author":1,"featured_media":0,"parent":0,"menu_order":0,"comment_status":"closed","ping_status":"closed","template":"templates\/template-homepage.php","meta":{"footnotes":""},"class_list":["post-48","page","type-page","status-publish","hentry"],"_links":{"self":[{"href":"https:\/\/esterel-rectification.fr\/index.php\/wp-json\/wp\/v2\/pages\/48","targetHints":{"allow":["GET"]}}],"collection":[{"href":"https:\/\/esterel-rectification.fr\/index.php\/wp-json\/wp\/v2\/pages"}],"about":[{"href":"https:\/\/esterel-rectification.fr\/index.php\/wp-json\/wp\/v2\/types\/page"}],"author":[{"embeddable":true,"href":"https:\/\/esterel-rectification.fr\/index.php\/wp-json\/wp\/v2\/users\/1"}],"replies":[{"embeddable":true,"href":"https:\/\/esterel-rectification.fr\/index.php\/wp-json\/wp\/v2\/comments?post=48"}],"version-history":[{"count":2,"href":"https:\/\/esterel-rectification.fr\/index.php\/wp-json\/wp\/v2\/pages\/48\/revisions"}],"predecessor-version":[{"id":57,"href":"https:\/\/esterel-rectification.fr\/index.php\/wp-json\/wp\/v2\/pages\/48\/revisions\/57"}],"wp:attachment":[{"href":"https:\/\/esterel-rectification.fr\/index.php\/wp-json\/wp\/v2\/media?parent=48"}],"curies":[{"name":"wp","href":"https:\/\/api.w.org\/{rel}","templated":true}]}}